{"id":361,"date":"2024-08-06T12:34:16","date_gmt":"2024-08-06T10:34:16","guid":{"rendered":"https:\/\/staging-outdoorpinsandmore.nl\/?post_type=product&#038;p=361"},"modified":"2026-04-10T20:04:32","modified_gmt":"2026-04-10T18:04:32","slug":"buen-camino-santiago-de-compostela","status":"publish","type":"product","link":"https:\/\/outdoorpinsandmore.com\/de\/produkt\/buen-camino-santiago-de-compostela\/","title":{"rendered":"Buen Camino - Santiago de Compostela"},"content":{"rendered":"<p class=\"translation-block\">Gewicht: 7 Gramm<br>\nGr\u00f6\u00dfe HxB: 30 x 27,1 mm<br>\nMaterial: Metallguss, Softemaille lackiert<br>\nFarbe: helle gl\u00e4nzende Farben<br>\nMetallfarbe: Silber<br>\nSchlie\u00dfung: 2 Schmetterlingverschlusse hinten<br><\/p>\n<p style=\"padding-left: 40px;\">","protected":false},"excerpt":{"rendered":"<p>Mit der Muschel, dem Kreuz und dem gelben Pfeil<\/p>","protected":false},"featured_media":362,"comment_status":"closed","ping_status":"closed","template":"","meta":[],"product_brand":[],"product_cat":[16],"product_tag":[165,127,269,211,271,289],"class_list":{"0":"post-361","1":"product","2":"type-product","3":"status-publish","4":"has-post-thumbnail","6":"product_cat-pins","7":"product_tag-buen-camino","8":"product_tag-enamel-pin","9":"product_tag-pilgrim","10":"product_tag-pin-your-passion","11":"product_tag-santiago-de-compostela","12":"product_tag-walking-the-camino","14":"first","15":"instock","16":"shipping-taxable","17":"purchasable","18":"product-type-simple"},"yoast_head":"<!-- This site is optimized with the Yoast SEO plugin v26.6 - https:\/\/yoast.com\/wordpress\/plugins\/seo\/ -->\n<title>Buen Camino \u2013 Santiago de Compostela - Outdoorpins &amp; More<\/title>\n<meta name=\"description\" content=\"A soft enamel pin for your backpack designed for hikers \u2013 walkers allowing you to take your memories with you. This pin has two fastenings on the back\" \/>\n<meta name=\"robots\" content=\"index, follow, max-snippet:-1, max-image-preview:large, max-video-preview:-1\" \/>\n<link rel=\"canonical\" href=\"https:\/\/outdoorpinsandmore.com\/de\/produkt\/buen-camino-santiago-de-compostela\/\" \/>\n<meta property=\"og:locale\" content=\"de_DE\" \/>\n<meta property=\"og:type\" content=\"article\" \/>\n<meta property=\"og:title\" content=\"Buen Camino \u2013 Santiago de Compostela - Outdoorpins &amp; More\" \/>\n<meta property=\"og:description\" content=\"A soft enamel pin for your backpack designed for hikers \u2013 walkers allowing you to take your memories with you. This pin has two fastenings on the back\" \/>\n<meta property=\"og:url\" content=\"https:\/\/outdoorpinsandmore.com\/de\/produkt\/buen-camino-santiago-de-compostela\/\" \/>\n<meta property=\"og:site_name\" content=\"Outdoorpins &amp; More\" \/>\n<meta property=\"article:modified_time\" content=\"2026-04-10T18:04:32+00:00\" \/>\n<meta property=\"og:image\" content=\"https:\/\/outdoorpinsandmore.com\/wp-content\/uploads\/2024\/08\/Buen-Camino.jpg\" \/>\n\t<meta property=\"og:image:width\" content=\"1200\" \/>\n\t<meta property=\"og:image:height\" content=\"1200\" \/>\n\t<meta property=\"og:image:type\" content=\"image\/jpeg\" \/>\n<meta name=\"twitter:card\" content=\"summary_large_image\" \/>\n<meta name=\"twitter:label1\" content=\"Gesch\u00e4tzte Lesezeit\" \/>\n\t<meta name=\"twitter:data1\" content=\"1\u00a0Minute\" \/>\n<script type=\"application\/ld+json\" class=\"yoast-schema-graph\">{\"@context\":\"https:\/\/schema.org\",\"@graph\":[{\"@type\":\"WebPage\",\"@id\":\"https:\/\/outdoorpinsandmore.com\/product\/buen-camino-santiago-de-compostela\/\",\"url\":\"https:\/\/outdoorpinsandmore.com\/product\/buen-camino-santiago-de-compostela\/\",\"name\":\"Buen Camino \u2013 Santiago de Compostela - Outdoorpins &amp; More\",\"isPartOf\":{\"@id\":\"https:\/\/outdoorpinsandmore.com\/#website\"},\"primaryImageOfPage\":{\"@id\":\"https:\/\/outdoorpinsandmore.com\/product\/buen-camino-santiago-de-compostela\/#primaryimage\"},\"image\":{\"@id\":\"https:\/\/outdoorpinsandmore.com\/product\/buen-camino-santiago-de-compostela\/#primaryimage\"},\"thumbnailUrl\":\"https:\/\/outdoorpinsandmore.com\/wp-content\/uploads\/2024\/08\/Buen-Camino.jpg\",\"datePublished\":\"2024-08-06T10:34:16+00:00\",\"dateModified\":\"2026-04-10T18:04:32+00:00\",\"description\":\"A soft enamel pin for your backpack designed for hikers \u2013 walkers allowing you to take your memories with you. This pin has two fastenings on the back\",\"breadcrumb\":{\"@id\":\"https:\/\/outdoorpinsandmore.com\/product\/buen-camino-santiago-de-compostela\/#breadcrumb\"},\"inLanguage\":\"de\",\"potentialAction\":[{\"@type\":\"ReadAction\",\"target\":[\"https:\/\/outdoorpinsandmore.com\/product\/buen-camino-santiago-de-compostela\/\"]}]},{\"@type\":\"ImageObject\",\"inLanguage\":\"de\",\"@id\":\"https:\/\/outdoorpinsandmore.com\/product\/buen-camino-santiago-de-compostela\/#primaryimage\",\"url\":\"https:\/\/outdoorpinsandmore.com\/wp-content\/uploads\/2024\/08\/Buen-Camino.jpg\",\"contentUrl\":\"https:\/\/outdoorpinsandmore.com\/wp-content\/uploads\/2024\/08\/Buen-Camino.jpg\",\"width\":1200,\"height\":1200,\"caption\":\"Productfoto Outdoorpins & More\"},{\"@type\":\"BreadcrumbList\",\"@id\":\"https:\/\/outdoorpinsandmore.com\/product\/buen-camino-santiago-de-compostela\/#breadcrumb\",\"itemListElement\":[{\"@type\":\"ListItem\",\"position\":1,\"name\":\"Home\",\"item\":\"https:\/\/outdoorpinsandmore.com\/\"},{\"@type\":\"ListItem\",\"position\":2,\"name\":\"Winkel\",\"item\":\"https:\/\/outdoorpinsandmore.com\/?page_id=85\"},{\"@type\":\"ListItem\",\"position\":3,\"name\":\"Buen Camino \u2013 Santiago de Compostela\"}]},{\"@type\":\"WebSite\",\"@id\":\"https:\/\/outdoorpinsandmore.com\/#website\",\"url\":\"https:\/\/outdoorpinsandmore.com\/\",\"name\":\"Outdoor Pins & More\",\"description\":\"\",\"publisher\":{\"@id\":\"https:\/\/outdoorpinsandmore.com\/#organization\"},\"potentialAction\":[{\"@type\":\"SearchAction\",\"target\":{\"@type\":\"EntryPoint\",\"urlTemplate\":\"https:\/\/outdoorpinsandmore.com\/?s={search_term_string}\"},\"query-input\":{\"@type\":\"PropertyValueSpecification\",\"valueRequired\":true,\"valueName\":\"search_term_string\"}}],\"inLanguage\":\"de\"},{\"@type\":\"Organization\",\"@id\":\"https:\/\/outdoorpinsandmore.com\/#organization\",\"name\":\"Outdoor Pins & More\",\"url\":\"https:\/\/outdoorpinsandmore.com\/\",\"logo\":{\"@type\":\"ImageObject\",\"inLanguage\":\"de\",\"@id\":\"https:\/\/outdoorpinsandmore.com\/#\/schema\/logo\/image\/\",\"url\":\"https:\/\/outdoorpinsandmore.com\/wp-content\/uploads\/2024\/06\/Outdoorpinsandmore-logo.png\",\"contentUrl\":\"https:\/\/outdoorpinsandmore.com\/wp-content\/uploads\/2024\/06\/Outdoorpinsandmore-logo.png\",\"width\":3843,\"height\":1856,\"caption\":\"Outdoor Pins & More\"},\"image\":{\"@id\":\"https:\/\/outdoorpinsandmore.com\/#\/schema\/logo\/image\/\"}}]}<\/script>\n<!-- \/ Yoast SEO plugin. -->","yoast_head_json":{"title":"Buen Camino \u2013 Santiago de Compostela - Outdoorpins &amp; More","description":"Eine weiche Emaille-Anstecknadel f\u00fcr Ihren Rucksack, die f\u00fcr Wanderer entwickelt wurde, damit Sie Ihre Erinnerungen mitnehmen k\u00f6nnen. Dieser Pin hat zwei Befestigungen auf der R\u00fcckseite","robots":{"index":"index","follow":"follow","max-snippet":"max-snippet:-1","max-image-preview":"max-image-preview:large","max-video-preview":"max-video-preview:-1"},"canonical":"https:\/\/outdoorpinsandmore.com\/de\/produkt\/buen-camino-santiago-de-compostela\/","og_locale":"de_DE","og_type":"article","og_title":"Buen Camino \u2013 Santiago de Compostela - Outdoorpins &amp; More","og_description":"A soft enamel pin for your backpack designed for hikers \u2013 walkers allowing you to take your memories with you. This pin has two fastenings on the back","og_url":"https:\/\/outdoorpinsandmore.com\/de\/produkt\/buen-camino-santiago-de-compostela\/","og_site_name":"Outdoorpins &amp; More","article_modified_time":"2026-04-10T18:04:32+00:00","og_image":[{"width":1200,"height":1200,"url":"https:\/\/outdoorpinsandmore.com\/wp-content\/uploads\/2024\/08\/Buen-Camino.jpg","type":"image\/jpeg"}],"twitter_card":"summary_large_image","twitter_misc":{"Gesch\u00e4tzte Lesezeit":"1\u00a0Minute"},"schema":{"@context":"https:\/\/schema.org","@graph":[{"@type":"WebPage","@id":"https:\/\/outdoorpinsandmore.com\/product\/buen-camino-santiago-de-compostela\/","url":"https:\/\/outdoorpinsandmore.com\/product\/buen-camino-santiago-de-compostela\/","name":"Buen Camino \u2013 Santiago de Compostela - Outdoorpins &amp; More","isPartOf":{"@id":"https:\/\/outdoorpinsandmore.com\/#website"},"primaryImageOfPage":{"@id":"https:\/\/outdoorpinsandmore.com\/product\/buen-camino-santiago-de-compostela\/#primaryimage"},"image":{"@id":"https:\/\/outdoorpinsandmore.com\/product\/buen-camino-santiago-de-compostela\/#primaryimage"},"thumbnailUrl":"https:\/\/outdoorpinsandmore.com\/wp-content\/uploads\/2024\/08\/Buen-Camino.jpg","datePublished":"2024-08-06T10:34:16+00:00","dateModified":"2026-04-10T18:04:32+00:00","description":"Eine weiche Emaille-Anstecknadel f\u00fcr Ihren Rucksack, die f\u00fcr Wanderer entwickelt wurde, damit Sie Ihre Erinnerungen mitnehmen k\u00f6nnen. Dieser Pin hat zwei Befestigungen auf der R\u00fcckseite","breadcrumb":{"@id":"https:\/\/outdoorpinsandmore.com\/product\/buen-camino-santiago-de-compostela\/#breadcrumb"},"inLanguage":"de","potentialAction":[{"@type":"ReadAction","target":["https:\/\/outdoorpinsandmore.com\/product\/buen-camino-santiago-de-compostela\/"]}]},{"@type":"ImageObject","inLanguage":"de","@id":"https:\/\/outdoorpinsandmore.com\/product\/buen-camino-santiago-de-compostela\/#primaryimage","url":"https:\/\/outdoorpinsandmore.com\/wp-content\/uploads\/2024\/08\/Buen-Camino.jpg","contentUrl":"https:\/\/outdoorpinsandmore.com\/wp-content\/uploads\/2024\/08\/Buen-Camino.jpg","width":1200,"height":1200,"caption":"Productfoto Outdoorpins & More"},{"@type":"BreadcrumbList","@id":"https:\/\/outdoorpinsandmore.com\/product\/buen-camino-santiago-de-compostela\/#breadcrumb","itemListElement":[{"@type":"ListItem","position":1,"name":"Home","item":"https:\/\/outdoorpinsandmore.com\/"},{"@type":"ListItem","position":2,"name":"Winkel","item":"https:\/\/outdoorpinsandmore.com\/?page_id=85"},{"@type":"ListItem","position":3,"name":"Buen Camino \u2013 Santiago de Compostela"}]},{"@type":"WebSite","@id":"https:\/\/outdoorpinsandmore.com\/#website","url":"https:\/\/outdoorpinsandmore.com\/","name":"Outdoor Pins &amp; Mehr","description":"","publisher":{"@id":"https:\/\/outdoorpinsandmore.com\/#organization"},"potentialAction":[{"@type":"SearchAction","target":{"@type":"EntryPoint","urlTemplate":"https:\/\/outdoorpinsandmore.com\/?s={search_term_string}"},"query-input":{"@type":"PropertyValueSpecification","valueRequired":true,"valueName":"search_term_string"}}],"inLanguage":"de"},{"@type":"Organization","@id":"https:\/\/outdoorpinsandmore.com\/#organization","name":"Outdoor Pins &amp; Mehr","url":"https:\/\/outdoorpinsandmore.com\/","logo":{"@type":"ImageObject","inLanguage":"de","@id":"https:\/\/outdoorpinsandmore.com\/#\/schema\/logo\/image\/","url":"https:\/\/outdoorpinsandmore.com\/wp-content\/uploads\/2024\/06\/Outdoorpinsandmore-logo.png","contentUrl":"https:\/\/outdoorpinsandmore.com\/wp-content\/uploads\/2024\/06\/Outdoorpinsandmore-logo.png","width":3843,"height":1856,"caption":"Outdoor Pins & More"},"image":{"@id":"https:\/\/outdoorpinsandmore.com\/#\/schema\/logo\/image\/"}}]}},"_links":{"self":[{"href":"https:\/\/outdoorpinsandmore.com\/de\/wp-json\/wp\/v2\/product\/361","targetHints":{"allow":["GET"]}}],"collection":[{"href":"https:\/\/outdoorpinsandmore.com\/de\/wp-json\/wp\/v2\/product"}],"about":[{"href":"https:\/\/outdoorpinsandmore.com\/de\/wp-json\/wp\/v2\/types\/product"}],"replies":[{"embeddable":true,"href":"https:\/\/outdoorpinsandmore.com\/de\/wp-json\/wp\/v2\/comments?post=361"}],"wp:featuredmedia":[{"embeddable":true,"href":"https:\/\/outdoorpinsandmore.com\/de\/wp-json\/wp\/v2\/media\/362"}],"wp:attachment":[{"href":"https:\/\/outdoorpinsandmore.com\/de\/wp-json\/wp\/v2\/media?parent=361"}],"wp:term":[{"taxonomy":"product_brand","embeddable":true,"href":"https:\/\/outdoorpinsandmore.com\/de\/wp-json\/wp\/v2\/product_brand?post=361"},{"taxonomy":"product_cat","embeddable":true,"href":"https:\/\/outdoorpinsandmore.com\/de\/wp-json\/wp\/v2\/product_cat?post=361"},{"taxonomy":"product_tag","embeddable":true,"href":"https:\/\/outdoorpinsandmore.com\/de\/wp-json\/wp\/v2\/product_tag?post=361"}],"curies":[{"name":"wp","href":"https:\/\/api.w.org\/{rel}","templated":true}]}}